{"id":2303,"date":"2025-02-18T15:34:20","date_gmt":"2025-02-18T18:34:20","guid":{"rendered":"https:\/\/tracegroup.com.ar\/web\/?page_id=2303"},"modified":"2025-03-27T11:48:25","modified_gmt":"2025-03-27T14:48:25","slug":"novedades","status":"publish","type":"page","link":"https:\/\/tracegroup.com.ar\/web\/novedades\/","title":{"rendered":"Novedades"},"content":{"rendered":"\t\t<div data-elementor-type=\"wp-page\" data-elementor-id=\"2303\" class=\"elementor elementor-2303\" data-elementor-post-type=\"page\">\n\t\t\t\t<div class=\"elementor-element elementor-element-a517d1e e-con-full e-flex e-con e-parent\" data-id=\"a517d1e\" data-element_type=\"container\" data-e-type=\"container\" data-settings=\"{&quot;background_background&quot;:&quot;classic&quot;}\">\n\t\t<div class=\"elementor-element elementor-element-f532c72 e-con-full e-flex e-con e-child\" data-id=\"f532c72\" data-element_type=\"container\" data-e-type=\"container\">\n\t\t\t\t<div class=\"elementor-element elementor-element-eb6dca1 elementor-widget elementor-widget-heading\" data-id=\"eb6dca1\" data-element_type=\"widget\" data-e-type=\"widget\" data-widget_type=\"heading.default\">\n\t\t\t\t<div class=\"elementor-widget-container\">\n\t\t\t\t\t<h2 class=\"elementor-heading-title elementor-size-default\">Novedades<\/h2>\t\t\t\t<\/div>\n\t\t\t\t<\/div>\n\t\t\t\t<\/div>\n\t\t\t\t<\/div>\n\t\t<div class=\"elementor-element elementor-element-c2548e2 e-con-full e-flex e-con e-parent\" data-id=\"c2548e2\" data-element_type=\"container\" data-e-type=\"container\" data-settings=\"{&quot;background_background&quot;:&quot;classic&quot;}\">\n\t\t<div class=\"elementor-element elementor-element-8426601 e-con-full e-flex e-con e-child\" data-id=\"8426601\" data-element_type=\"container\" data-e-type=\"container\">\n\t\t\t\t<div class=\"elementor-element elementor-element-f32f0c3 elementor-grid-3 elementor-grid-tablet-2 elementor-grid-mobile-1 elementor-posts--thumbnail-top elementor-widget elementor-widget-posts\" data-id=\"f32f0c3\" data-element_type=\"widget\" data-e-type=\"widget\" data-settings=\"{&quot;pagination_type&quot;:&quot;prev_next&quot;,&quot;classic_columns&quot;:&quot;3&quot;,&quot;classic_columns_tablet&quot;:&quot;2&quot;,&quot;classic_columns_mobile&quot;:&quot;1&quot;,&quot;classic_row_gap&quot;:{&quot;unit&quot;:&quot;px&quot;,&quot;size&quot;:35,&quot;sizes&quot;:[]},&quot;classic_row_gap_tablet&quot;:{&quot;unit&quot;:&quot;px&quot;,&quot;size&quot;:&quot;&quot;,&quot;sizes&quot;:[]},&quot;classic_row_gap_mobile&quot;:{&quot;unit&quot;:&quot;px&quot;,&quot;size&quot;:&quot;&quot;,&quot;sizes&quot;:[]}}\" data-widget_type=\"posts.classic\">\n\t\t\t\t<div class=\"elementor-widget-container\">\n\t\t\t\t\t\t\t<div class=\"elementor-posts-container elementor-posts elementor-posts--skin-classic elementor-grid\" role=\"list\">\n\t\t\t\t<article class=\"elementor-post elementor-grid-item post-2789 post type-post status-publish format-standard has-post-thumbnail hentry category-sin-categoria\" role=\"listitem\">\n\t\t\t\t<a class=\"elementor-post__thumbnail__link\" href=\"https:\/\/tracegroup.com.ar\/web\/2025\/09\/10\/presentamos-nuestro-reporte-de-sostenibilidad-2024\/\" tabindex=\"-1\" >\n\t\t\t<div class=\"elementor-post__thumbnail\"><img fetchpriority=\"high\" decoding=\"async\" width=\"300\" height=\"201\" src=\"https:\/\/tracegroup.com.ar\/web\/wp-content\/uploads\/2025\/09\/Portada_ESG-300x201.jpg\" class=\"attachment-medium size-medium wp-image-2781\" alt=\"\" srcset=\"https:\/\/tracegroup.com.ar\/web\/wp-content\/uploads\/2025\/09\/Portada_ESG-300x201.jpg 300w, https:\/\/tracegroup.com.ar\/web\/wp-content\/uploads\/2025\/09\/Portada_ESG-768x514.jpg 768w, https:\/\/tracegroup.com.ar\/web\/wp-content\/uploads\/2025\/09\/Portada_ESG.jpg 1024w\" sizes=\"(max-width: 300px) 100vw, 300px\" \/><\/div>\n\t\t<\/a>\n\t\t\t\t<div class=\"elementor-post__text\">\n\t\t\t\t<h3 class=\"elementor-post__title\">\n\t\t\t<a href=\"https:\/\/tracegroup.com.ar\/web\/2025\/09\/10\/presentamos-nuestro-reporte-de-sostenibilidad-2024\/\" >\n\t\t\t\tPresentamos Nuestro Reporte de Sostenibilidad 2024\t\t\t<\/a>\n\t\t<\/h3>\n\t\t\t\t<div class=\"elementor-post__meta-data\">\n\t\t\t\t\t<span class=\"elementor-post-date\">\n\t\t\t10 septiembre, 2025\t\t<\/span>\n\t\t\t\t<\/div>\n\t\t\t\t\t<div class=\"elementor-post__read-more-wrapper\">\n\t\t\n\t\t<a class=\"elementor-post__read-more\" href=\"https:\/\/tracegroup.com.ar\/web\/2025\/09\/10\/presentamos-nuestro-reporte-de-sostenibilidad-2024\/\" aria-label=\"Read more about Presentamos Nuestro Reporte de Sostenibilidad 2024\" tabindex=\"-1\" >\n\t\t\tVER M\u00c1S\t\t<\/a>\n\n\t\t\t\t\t<\/div>\n\t\t\t\t<\/div>\n\t\t\t\t<\/article>\n\t\t\t\t<article class=\"elementor-post elementor-grid-item post-2783 post type-post status-publish format-standard has-post-thumbnail hentry category-sin-categoria\" role=\"listitem\">\n\t\t\t\t<a class=\"elementor-post__thumbnail__link\" href=\"https:\/\/tracegroup.com.ar\/web\/2025\/08\/20\/presentamos-nuestro-reporte-de-huella-de-carbono-2024\/\" tabindex=\"-1\" >\n\t\t\t<div class=\"elementor-post__thumbnail\"><img decoding=\"async\" width=\"300\" height=\"201\" src=\"https:\/\/tracegroup.com.ar\/web\/wp-content\/uploads\/2025\/09\/Nov_HuellaCarbono-300x201.jpg\" class=\"attachment-medium size-medium wp-image-2780\" alt=\"\" srcset=\"https:\/\/tracegroup.com.ar\/web\/wp-content\/uploads\/2025\/09\/Nov_HuellaCarbono-300x201.jpg 300w, https:\/\/tracegroup.com.ar\/web\/wp-content\/uploads\/2025\/09\/Nov_HuellaCarbono-768x514.jpg 768w, https:\/\/tracegroup.com.ar\/web\/wp-content\/uploads\/2025\/09\/Nov_HuellaCarbono.jpg 1024w\" sizes=\"(max-width: 300px) 100vw, 300px\" \/><\/div>\n\t\t<\/a>\n\t\t\t\t<div class=\"elementor-post__text\">\n\t\t\t\t<h3 class=\"elementor-post__title\">\n\t\t\t<a href=\"https:\/\/tracegroup.com.ar\/web\/2025\/08\/20\/presentamos-nuestro-reporte-de-huella-de-carbono-2024\/\" >\n\t\t\t\tPresentamos Nuestro Reporte de Huella de Carbono 2024\t\t\t<\/a>\n\t\t<\/h3>\n\t\t\t\t<div class=\"elementor-post__meta-data\">\n\t\t\t\t\t<span class=\"elementor-post-date\">\n\t\t\t20 agosto, 2025\t\t<\/span>\n\t\t\t\t<\/div>\n\t\t\t\t\t<div class=\"elementor-post__read-more-wrapper\">\n\t\t\n\t\t<a class=\"elementor-post__read-more\" href=\"https:\/\/tracegroup.com.ar\/web\/2025\/08\/20\/presentamos-nuestro-reporte-de-huella-de-carbono-2024\/\" aria-label=\"Read more about Presentamos Nuestro Reporte de Huella de Carbono 2024\" tabindex=\"-1\" >\n\t\t\tVER M\u00c1S\t\t<\/a>\n\n\t\t\t\t\t<\/div>\n\t\t\t\t<\/div>\n\t\t\t\t<\/article>\n\t\t\t\t<article class=\"elementor-post elementor-grid-item post-2467 post type-post status-publish format-standard has-post-thumbnail hentry category-sin-categoria\" role=\"listitem\">\n\t\t\t\t<a class=\"elementor-post__thumbnail__link\" href=\"https:\/\/tracegroup.com.ar\/web\/2025\/03\/14\/trace-group-comprometido-con-su-equipo-y-la-comunidad-de-bahia-blanca\/\" tabindex=\"-1\" >\n\t\t\t<div class=\"elementor-post__thumbnail\"><img decoding=\"async\" width=\"300\" height=\"169\" src=\"https:\/\/tracegroup.com.ar\/web\/wp-content\/uploads\/2025\/03\/Trace-mar-07-300x169.jpg\" class=\"attachment-medium size-medium wp-image-2502\" alt=\"\" srcset=\"https:\/\/tracegroup.com.ar\/web\/wp-content\/uploads\/2025\/03\/Trace-mar-07-300x169.jpg 300w, https:\/\/tracegroup.com.ar\/web\/wp-content\/uploads\/2025\/03\/Trace-mar-07-1024x576.jpg 1024w, https:\/\/tracegroup.com.ar\/web\/wp-content\/uploads\/2025\/03\/Trace-mar-07-768x432.jpg 768w, https:\/\/tracegroup.com.ar\/web\/wp-content\/uploads\/2025\/03\/Trace-mar-07.jpg 1080w\" sizes=\"(max-width: 300px) 100vw, 300px\" \/><\/div>\n\t\t<\/a>\n\t\t\t\t<div class=\"elementor-post__text\">\n\t\t\t\t<h3 class=\"elementor-post__title\">\n\t\t\t<a href=\"https:\/\/tracegroup.com.ar\/web\/2025\/03\/14\/trace-group-comprometido-con-su-equipo-y-la-comunidad-de-bahia-blanca\/\" >\n\t\t\t\tTrace Group, comprometido con su equipo y la comunidad de Bah\u00eda Blanca\t\t\t<\/a>\n\t\t<\/h3>\n\t\t\t\t<div class=\"elementor-post__meta-data\">\n\t\t\t\t\t<span class=\"elementor-post-date\">\n\t\t\t14 marzo, 2025\t\t<\/span>\n\t\t\t\t<\/div>\n\t\t\t\t\t<div class=\"elementor-post__read-more-wrapper\">\n\t\t\n\t\t<a class=\"elementor-post__read-more\" href=\"https:\/\/tracegroup.com.ar\/web\/2025\/03\/14\/trace-group-comprometido-con-su-equipo-y-la-comunidad-de-bahia-blanca\/\" aria-label=\"Read more about Trace Group, comprometido con su equipo y la comunidad de Bah\u00eda Blanca\" tabindex=\"-1\" >\n\t\t\tVER M\u00c1S\t\t<\/a>\n\n\t\t\t\t\t<\/div>\n\t\t\t\t<\/div>\n\t\t\t\t<\/article>\n\t\t\t\t<article class=\"elementor-post elementor-grid-item post-2383 post type-post status-publish format-standard has-post-thumbnail hentry category-sin-categoria\" role=\"listitem\">\n\t\t\t\t<a class=\"elementor-post__thumbnail__link\" href=\"https:\/\/tracegroup.com.ar\/web\/2025\/02\/26\/este-es-un-subtitulo-simulado-de-la-novedad-3\/\" tabindex=\"-1\" >\n\t\t\t<div class=\"elementor-post__thumbnail\"><img loading=\"lazy\" decoding=\"async\" width=\"300\" height=\"168\" src=\"https:\/\/tracegroup.com.ar\/web\/wp-content\/uploads\/2024\/11\/Trace-Group-presente-en-un-proyecto-clave-300x168.jpg\" class=\"attachment-medium size-medium wp-image-2496\" alt=\"\" srcset=\"https:\/\/tracegroup.com.ar\/web\/wp-content\/uploads\/2024\/11\/Trace-Group-presente-en-un-proyecto-clave-300x168.jpg 300w, https:\/\/tracegroup.com.ar\/web\/wp-content\/uploads\/2024\/11\/Trace-Group-presente-en-un-proyecto-clave-768x429.jpg 768w, https:\/\/tracegroup.com.ar\/web\/wp-content\/uploads\/2024\/11\/Trace-Group-presente-en-un-proyecto-clave.jpg 878w\" sizes=\"(max-width: 300px) 100vw, 300px\" \/><\/div>\n\t\t<\/a>\n\t\t\t\t<div class=\"elementor-post__text\">\n\t\t\t\t<h3 class=\"elementor-post__title\">\n\t\t\t<a href=\"https:\/\/tracegroup.com.ar\/web\/2025\/02\/26\/este-es-un-subtitulo-simulado-de-la-novedad-3\/\" >\n\t\t\t\tTrace Group, presente en un proyecto clave para la evacuaci\u00f3n de crudo en Vaca Muerta\t\t\t<\/a>\n\t\t<\/h3>\n\t\t\t\t<div class=\"elementor-post__meta-data\">\n\t\t\t\t\t<span class=\"elementor-post-date\">\n\t\t\t26 febrero, 2025\t\t<\/span>\n\t\t\t\t<\/div>\n\t\t\t\t\t<div class=\"elementor-post__read-more-wrapper\">\n\t\t\n\t\t<a class=\"elementor-post__read-more\" href=\"https:\/\/tracegroup.com.ar\/web\/2025\/02\/26\/este-es-un-subtitulo-simulado-de-la-novedad-3\/\" aria-label=\"Read more about Trace Group, presente en un proyecto clave para la evacuaci\u00f3n de crudo en Vaca Muerta\" tabindex=\"-1\" >\n\t\t\tVER M\u00c1S\t\t<\/a>\n\n\t\t\t\t\t<\/div>\n\t\t\t\t<\/div>\n\t\t\t\t<\/article>\n\t\t\t\t<article class=\"elementor-post elementor-grid-item post-2460 post type-post status-publish format-standard has-post-thumbnail hentry category-sin-categoria\" role=\"listitem\">\n\t\t\t\t<a class=\"elementor-post__thumbnail__link\" href=\"https:\/\/tracegroup.com.ar\/web\/2025\/01\/09\/2024-un-ano-de-grandes-hitos-en-trace-groupfortaleciendo-el-trabajo-en-equipo\/\" tabindex=\"-1\" >\n\t\t\t<div class=\"elementor-post__thumbnail\"><img loading=\"lazy\" decoding=\"async\" width=\"300\" height=\"186\" src=\"https:\/\/tracegroup.com.ar\/web\/wp-content\/uploads\/2025\/01\/Trace-Group-Un-ano-marcado-por-grandes-logros-300x186.png\" class=\"attachment-medium size-medium wp-image-2509\" alt=\"\" srcset=\"https:\/\/tracegroup.com.ar\/web\/wp-content\/uploads\/2025\/01\/Trace-Group-Un-ano-marcado-por-grandes-logros-300x186.png 300w, https:\/\/tracegroup.com.ar\/web\/wp-content\/uploads\/2025\/01\/Trace-Group-Un-ano-marcado-por-grandes-logros-1024x633.png 1024w, https:\/\/tracegroup.com.ar\/web\/wp-content\/uploads\/2025\/01\/Trace-Group-Un-ano-marcado-por-grandes-logros-768x475.png 768w, https:\/\/tracegroup.com.ar\/web\/wp-content\/uploads\/2025\/01\/Trace-Group-Un-ano-marcado-por-grandes-logros.png 1075w\" sizes=\"(max-width: 300px) 100vw, 300px\" \/><\/div>\n\t\t<\/a>\n\t\t\t\t<div class=\"elementor-post__text\">\n\t\t\t\t<h3 class=\"elementor-post__title\">\n\t\t\t<a href=\"https:\/\/tracegroup.com.ar\/web\/2025\/01\/09\/2024-un-ano-de-grandes-hitos-en-trace-groupfortaleciendo-el-trabajo-en-equipo\/\" >\n\t\t\t\t2024, un a\u00f1o de grandes hitos en Trace GroupFortaleciendo el trabajo en equipo\t\t\t<\/a>\n\t\t<\/h3>\n\t\t\t\t<div class=\"elementor-post__meta-data\">\n\t\t\t\t\t<span class=\"elementor-post-date\">\n\t\t\t9 enero, 2025\t\t<\/span>\n\t\t\t\t<\/div>\n\t\t\t\t\t<div class=\"elementor-post__read-more-wrapper\">\n\t\t\n\t\t<a class=\"elementor-post__read-more\" href=\"https:\/\/tracegroup.com.ar\/web\/2025\/01\/09\/2024-un-ano-de-grandes-hitos-en-trace-groupfortaleciendo-el-trabajo-en-equipo\/\" aria-label=\"Read more about 2024, un a\u00f1o de grandes hitos en Trace GroupFortaleciendo el trabajo en equipo\" tabindex=\"-1\" >\n\t\t\tVER M\u00c1S\t\t<\/a>\n\n\t\t\t\t\t<\/div>\n\t\t\t\t<\/div>\n\t\t\t\t<\/article>\n\t\t\t\t<article class=\"elementor-post elementor-grid-item post-2463 post type-post status-publish format-standard has-post-thumbnail hentry category-sin-categoria\" role=\"listitem\">\n\t\t\t\t<a class=\"elementor-post__thumbnail__link\" href=\"https:\/\/tracegroup.com.ar\/web\/2024\/11\/14\/fortaleciendo-el-trabajo-en-equipo\/\" tabindex=\"-1\" >\n\t\t\t<div class=\"elementor-post__thumbnail\"><img loading=\"lazy\" decoding=\"async\" width=\"300\" height=\"157\" src=\"https:\/\/tracegroup.com.ar\/web\/wp-content\/uploads\/2025\/03\/Trace-nov-2-06-300x157.jpg\" class=\"attachment-medium size-medium wp-image-2484\" alt=\"\" srcset=\"https:\/\/tracegroup.com.ar\/web\/wp-content\/uploads\/2025\/03\/Trace-nov-2-06-300x157.jpg 300w, https:\/\/tracegroup.com.ar\/web\/wp-content\/uploads\/2025\/03\/Trace-nov-2-06-1024x535.jpg 1024w, https:\/\/tracegroup.com.ar\/web\/wp-content\/uploads\/2025\/03\/Trace-nov-2-06-768x401.jpg 768w, https:\/\/tracegroup.com.ar\/web\/wp-content\/uploads\/2025\/03\/Trace-nov-2-06.jpg 1080w\" sizes=\"(max-width: 300px) 100vw, 300px\" \/><\/div>\n\t\t<\/a>\n\t\t\t\t<div class=\"elementor-post__text\">\n\t\t\t\t<h3 class=\"elementor-post__title\">\n\t\t\t<a href=\"https:\/\/tracegroup.com.ar\/web\/2024\/11\/14\/fortaleciendo-el-trabajo-en-equipo\/\" >\n\t\t\t\tFortaleciendo el trabajo en equipo\t\t\t<\/a>\n\t\t<\/h3>\n\t\t\t\t<div class=\"elementor-post__meta-data\">\n\t\t\t\t\t<span class=\"elementor-post-date\">\n\t\t\t14 noviembre, 2024\t\t<\/span>\n\t\t\t\t<\/div>\n\t\t\t\t\t<div class=\"elementor-post__read-more-wrapper\">\n\t\t\n\t\t<a class=\"elementor-post__read-more\" href=\"https:\/\/tracegroup.com.ar\/web\/2024\/11\/14\/fortaleciendo-el-trabajo-en-equipo\/\" aria-label=\"Read more about Fortaleciendo el trabajo en equipo\" tabindex=\"-1\" >\n\t\t\tVER M\u00c1S\t\t<\/a>\n\n\t\t\t\t\t<\/div>\n\t\t\t\t<\/div>\n\t\t\t\t<\/article>\n\t\t\t\t<\/div>\n\t\t\n\t\t\t\t\t\t<\/div>\n\t\t\t\t<\/div>\n\t\t\t\t<\/div>\n\t\t\t\t<\/div>\n\t\t\t\t<\/div>\n\t\t","protected":false},"excerpt":{"rendered":"<p>Novedades<\/p>\n","protected":false},"author":1,"featured_media":0,"parent":0,"menu_order":0,"comment_status":"closed","ping_status":"closed","template":"elementor_header_footer","meta":{"footnotes":""},"class_list":["post-2303","page","type-page","status-publish","hentry"],"yoast_head":"<!-- This site is optimized with the Yoast SEO plugin v27.6 - https:\/\/yoast.com\/product\/yoast-seo-wordpress\/ -->\n<title>Novedades - Trace Group<\/title>\n<meta name=\"description\" content=\"Conoc\u00e9 las novedades de Trace Group. Sus proyectos, hitos hist\u00f3ricos, aportes a la comunidad y m\u00e1s.\" \/>\n<meta name=\"robots\" content=\"index, follow, max-snippet:-1, max-image-preview:large, max-video-preview:-1\" \/>\n<link rel=\"canonical\" href=\"https:\/\/tracegroup.com.ar\/web\/novedades\/\" \/>\n<meta property=\"og:locale\" content=\"es_ES\" \/>\n<meta property=\"og:type\" content=\"article\" \/>\n<meta property=\"og:title\" content=\"Novedades - Trace Group\" \/>\n<meta property=\"og:description\" content=\"Conoc\u00e9 las novedades de Trace Group. Sus proyectos, hitos hist\u00f3ricos, aportes a la comunidad y m\u00e1s.\" \/>\n<meta property=\"og:url\" content=\"https:\/\/tracegroup.com.ar\/web\/novedades\/\" \/>\n<meta property=\"og:site_name\" content=\"Trace Group\" \/>\n<meta property=\"article:modified_time\" content=\"2025-03-27T14:48:25+00:00\" \/>\n<meta property=\"og:image\" content=\"https:\/\/tracegroup.com.ar\/web\/wp-content\/uploads\/2025\/03\/cropped-favic-Trace_Group.png\" \/>\n\t<meta property=\"og:image:width\" content=\"512\" \/>\n\t<meta property=\"og:image:height\" content=\"512\" \/>\n\t<meta property=\"og:image:type\" content=\"image\/png\" \/>\n<meta name=\"twitter:card\" content=\"summary_large_image\" \/>\n<meta name=\"twitter:label1\" content=\"Tiempo de lectura\" \/>\n\t<meta name=\"twitter:data1\" content=\"1 minuto\" \/>\n<script type=\"application\/ld+json\" class=\"yoast-schema-graph\">{\"@context\":\"https:\\\/\\\/schema.org\",\"@graph\":[{\"@type\":\"WebPage\",\"@id\":\"https:\\\/\\\/tracegroup.com.ar\\\/web\\\/novedades\\\/\",\"url\":\"https:\\\/\\\/tracegroup.com.ar\\\/web\\\/novedades\\\/\",\"name\":\"Novedades - Trace Group\",\"isPartOf\":{\"@id\":\"https:\\\/\\\/tracegroup.com.ar\\\/web\\\/#website\"},\"datePublished\":\"2025-02-18T18:34:20+00:00\",\"dateModified\":\"2025-03-27T14:48:25+00:00\",\"description\":\"Conoc\u00e9 las novedades de Trace Group. Sus proyectos, hitos hist\u00f3ricos, aportes a la comunidad y m\u00e1s.\",\"breadcrumb\":{\"@id\":\"https:\\\/\\\/tracegroup.com.ar\\\/web\\\/novedades\\\/#breadcrumb\"},\"inLanguage\":\"es-AR\",\"potentialAction\":[{\"@type\":\"ReadAction\",\"target\":[\"https:\\\/\\\/tracegroup.com.ar\\\/web\\\/novedades\\\/\"]}]},{\"@type\":\"BreadcrumbList\",\"@id\":\"https:\\\/\\\/tracegroup.com.ar\\\/web\\\/novedades\\\/#breadcrumb\",\"itemListElement\":[{\"@type\":\"ListItem\",\"position\":1,\"name\":\"Inicio\",\"item\":\"https:\\\/\\\/tracegroup.com.ar\\\/web\\\/\"},{\"@type\":\"ListItem\",\"position\":2,\"name\":\"Novedades\"}]},{\"@type\":\"WebSite\",\"@id\":\"https:\\\/\\\/tracegroup.com.ar\\\/web\\\/#website\",\"url\":\"https:\\\/\\\/tracegroup.com.ar\\\/web\\\/\",\"name\":\"Trace Group\",\"description\":\"Servicios de inspecci\u00f3n y supervisi\u00f3n t\u00e9cnica, con foco en los mercados de energ\u00eda e industria.\",\"publisher\":{\"@id\":\"https:\\\/\\\/tracegroup.com.ar\\\/web\\\/#organization\"},\"potentialAction\":[{\"@type\":\"SearchAction\",\"target\":{\"@type\":\"EntryPoint\",\"urlTemplate\":\"https:\\\/\\\/tracegroup.com.ar\\\/web\\\/?s={search_term_string}\"},\"query-input\":{\"@type\":\"PropertyValueSpecification\",\"valueRequired\":true,\"valueName\":\"search_term_string\"}}],\"inLanguage\":\"es-AR\"},{\"@type\":\"Organization\",\"@id\":\"https:\\\/\\\/tracegroup.com.ar\\\/web\\\/#organization\",\"name\":\"Trace Group\",\"url\":\"https:\\\/\\\/tracegroup.com.ar\\\/web\\\/\",\"logo\":{\"@type\":\"ImageObject\",\"inLanguage\":\"es-AR\",\"@id\":\"https:\\\/\\\/tracegroup.com.ar\\\/web\\\/#\\\/schema\\\/logo\\\/image\\\/\",\"url\":\"https:\\\/\\\/tracegroup.com.ar\\\/web\\\/wp-content\\\/uploads\\\/2025\\\/03\\\/cropped-favic-Trace_Group.png\",\"contentUrl\":\"https:\\\/\\\/tracegroup.com.ar\\\/web\\\/wp-content\\\/uploads\\\/2025\\\/03\\\/cropped-favic-Trace_Group.png\",\"width\":512,\"height\":512,\"caption\":\"Trace Group\"},\"image\":{\"@id\":\"https:\\\/\\\/tracegroup.com.ar\\\/web\\\/#\\\/schema\\\/logo\\\/image\\\/\"},\"sameAs\":[\"https:\\\/\\\/www.linkedin.com\\\/company\\\/trace-group-s-a-\\\/\",\"https:\\\/\\\/www.youtube.com\\\/@tracegroup3204\"]}]}<\/script>\n<!-- \/ Yoast SEO plugin. -->","yoast_head_json":{"title":"Novedades - Trace Group","description":"Conoc\u00e9 las novedades de Trace Group. Sus proyectos, hitos hist\u00f3ricos, aportes a la comunidad y m\u00e1s.","robots":{"index":"index","follow":"follow","max-snippet":"max-snippet:-1","max-image-preview":"max-image-preview:large","max-video-preview":"max-video-preview:-1"},"canonical":"https:\/\/tracegroup.com.ar\/web\/novedades\/","og_locale":"es_ES","og_type":"article","og_title":"Novedades - Trace Group","og_description":"Conoc\u00e9 las novedades de Trace Group. Sus proyectos, hitos hist\u00f3ricos, aportes a la comunidad y m\u00e1s.","og_url":"https:\/\/tracegroup.com.ar\/web\/novedades\/","og_site_name":"Trace Group","article_modified_time":"2025-03-27T14:48:25+00:00","og_image":[{"width":512,"height":512,"url":"https:\/\/tracegroup.com.ar\/web\/wp-content\/uploads\/2025\/03\/cropped-favic-Trace_Group.png","type":"image\/png"}],"twitter_card":"summary_large_image","twitter_misc":{"Tiempo de lectura":"1 minuto"},"schema":{"@context":"https:\/\/schema.org","@graph":[{"@type":"WebPage","@id":"https:\/\/tracegroup.com.ar\/web\/novedades\/","url":"https:\/\/tracegroup.com.ar\/web\/novedades\/","name":"Novedades - Trace Group","isPartOf":{"@id":"https:\/\/tracegroup.com.ar\/web\/#website"},"datePublished":"2025-02-18T18:34:20+00:00","dateModified":"2025-03-27T14:48:25+00:00","description":"Conoc\u00e9 las novedades de Trace Group. Sus proyectos, hitos hist\u00f3ricos, aportes a la comunidad y m\u00e1s.","breadcrumb":{"@id":"https:\/\/tracegroup.com.ar\/web\/novedades\/#breadcrumb"},"inLanguage":"es-AR","potentialAction":[{"@type":"ReadAction","target":["https:\/\/tracegroup.com.ar\/web\/novedades\/"]}]},{"@type":"BreadcrumbList","@id":"https:\/\/tracegroup.com.ar\/web\/novedades\/#breadcrumb","itemListElement":[{"@type":"ListItem","position":1,"name":"Inicio","item":"https:\/\/tracegroup.com.ar\/web\/"},{"@type":"ListItem","position":2,"name":"Novedades"}]},{"@type":"WebSite","@id":"https:\/\/tracegroup.com.ar\/web\/#website","url":"https:\/\/tracegroup.com.ar\/web\/","name":"Trace Group","description":"Servicios de inspecci\u00f3n y supervisi\u00f3n t\u00e9cnica, con foco en los mercados de energ\u00eda e industria.","publisher":{"@id":"https:\/\/tracegroup.com.ar\/web\/#organization"},"potentialAction":[{"@type":"SearchAction","target":{"@type":"EntryPoint","urlTemplate":"https:\/\/tracegroup.com.ar\/web\/?s={search_term_string}"},"query-input":{"@type":"PropertyValueSpecification","valueRequired":true,"valueName":"search_term_string"}}],"inLanguage":"es-AR"},{"@type":"Organization","@id":"https:\/\/tracegroup.com.ar\/web\/#organization","name":"Trace Group","url":"https:\/\/tracegroup.com.ar\/web\/","logo":{"@type":"ImageObject","inLanguage":"es-AR","@id":"https:\/\/tracegroup.com.ar\/web\/#\/schema\/logo\/image\/","url":"https:\/\/tracegroup.com.ar\/web\/wp-content\/uploads\/2025\/03\/cropped-favic-Trace_Group.png","contentUrl":"https:\/\/tracegroup.com.ar\/web\/wp-content\/uploads\/2025\/03\/cropped-favic-Trace_Group.png","width":512,"height":512,"caption":"Trace Group"},"image":{"@id":"https:\/\/tracegroup.com.ar\/web\/#\/schema\/logo\/image\/"},"sameAs":["https:\/\/www.linkedin.com\/company\/trace-group-s-a-\/","https:\/\/www.youtube.com\/@tracegroup3204"]}]}},"_links":{"self":[{"href":"https:\/\/tracegroup.com.ar\/web\/wp-json\/wp\/v2\/pages\/2303","targetHints":{"allow":["GET"]}}],"collection":[{"href":"https:\/\/tracegroup.com.ar\/web\/wp-json\/wp\/v2\/pages"}],"about":[{"href":"https:\/\/tracegroup.com.ar\/web\/wp-json\/wp\/v2\/types\/page"}],"author":[{"embeddable":true,"href":"https:\/\/tracegroup.com.ar\/web\/wp-json\/wp\/v2\/users\/1"}],"replies":[{"embeddable":true,"href":"https:\/\/tracegroup.com.ar\/web\/wp-json\/wp\/v2\/comments?post=2303"}],"version-history":[{"count":40,"href":"https:\/\/tracegroup.com.ar\/web\/wp-json\/wp\/v2\/pages\/2303\/revisions"}],"predecessor-version":[{"id":2662,"href":"https:\/\/tracegroup.com.ar\/web\/wp-json\/wp\/v2\/pages\/2303\/revisions\/2662"}],"wp:attachment":[{"href":"https:\/\/tracegroup.com.ar\/web\/wp-json\/wp\/v2\/media?parent=2303"}],"curies":[{"name":"wp","href":"https:\/\/api.w.org\/{rel}","templated":true}]}}